{"id":7891,"date":"2022-11-20T22:29:17","date_gmt":"2022-11-20T22:29:17","guid":{"rendered":"https:\/\/gabrielreis.pt\/politique-de-confidentialite\/"},"modified":"2026-01-31T20:54:53","modified_gmt":"2026-01-31T20:54:53","slug":"politique-de-confidentialite","status":"publish","type":"page","link":"https:\/\/gabrielreis.pt\/fr\/politique-de-confidentialite\/","title":{"rendered":"Politique de confidentialit\u00e9"},"content":{"rendered":"\t\t<div data-elementor-type=\"wp-page\" data-elementor-id=\"7891\" class=\"elementor elementor-7891 elementor-6280\" data-elementor-post-type=\"page\">\n\t\t\t\t\t\t<section class=\"elementor-section elementor-top-section elementor-element elementor-element-399536dd elementor-section-boxed elementor-section-height-default elementor-section-height-default\" data-id=\"399536dd\" data-element_type=\"section\" data-e-type=\"section\">\n\t\t\t\t\t\t<div class=\"elementor-container elementor-column-gap-default\">\n\t\t\t\t\t<div class=\"elementor-column elementor-col-100 elementor-top-column elementor-element elementor-element-7e0703e7\" data-id=\"7e0703e7\" data-element_type=\"column\" data-e-type=\"column\">\n\t\t\t<div class=\"elementor-widget-wrap elementor-element-populated\">\n\t\t\t\t\t\t<div class=\"elementor-element elementor-element-29a668b3 elementor-widget elementor-widget-heading\" data-id=\"29a668b3\" data-element_type=\"widget\" data-e-type=\"widget\" data-widget_type=\"heading.default\">\n\t\t\t\t<div class=\"elementor-widget-container\">\n\t\t\t\t\t<h2 class=\"elementor-heading-title elementor-size-default\">Politique de confidentialit\u00e9<\/h2>\t\t\t\t<\/div>\n\t\t\t\t<\/div>\n\t\t\t\t\t<\/div>\n\t\t<\/div>\n\t\t\t\t\t<\/div>\n\t\t<\/section>\n\t\t\t\t<section class=\"elementor-section elementor-top-section elementor-element elementor-element-625f15cd elementor-section-boxed elementor-section-height-default elementor-section-height-default\" data-id=\"625f15cd\" data-element_type=\"section\" data-e-type=\"section\">\n\t\t\t\t\t\t<div class=\"elementor-container elementor-column-gap-default\">\n\t\t\t\t\t<div class=\"elementor-column elementor-col-100 elementor-top-column elementor-element elementor-element-37883687\" data-id=\"37883687\" data-element_type=\"column\" data-e-type=\"column\">\n\t\t\t<div class=\"elementor-widget-wrap elementor-element-populated\">\n\t\t\t\t\t\t<div class=\"elementor-element elementor-element-442c51f3 elementor-widget elementor-widget-text-editor\" data-id=\"442c51f3\" data-element_type=\"widget\" data-e-type=\"widget\" data-widget_type=\"text-editor.default\">\n\t\t\t\t<div class=\"elementor-widget-container\">\n\t\t\t\t\t\t\t\t\t<p>Derni\u00e8re mise \u00e0 jour : 01 janvier 2026<\/p>\t\t\t\t\t\t\t\t<\/div>\n\t\t\t\t<\/div>\n\t\t\t\t<div class=\"elementor-element elementor-element-728deb56 elementor-widget elementor-widget-text-editor\" data-id=\"728deb56\" data-element_type=\"widget\" data-e-type=\"widget\" data-widget_type=\"text-editor.default\">\n\t\t\t\t<div class=\"elementor-widget-container\">\n\t\t\t\t\t\t\t\t\t<p>&nbsp;&nbsp;&nbsp; La pr\u00e9sente politique de confidentialit\u00e9 s&rsquo;applique \u00e0 toutes les donn\u00e9es \u00e0 caract\u00e8re personnel qui peuvent \u00eatre collect\u00e9es en rapport avec ce site web https:\/\/gabrielreis.pt ou sa variante https:\/\/www.gabrielreis.pt (ci-apr\u00e8s \u00ab\u00a0le site\u00a0\u00bb ou \u00ab\u00a0le site web\u00a0\u00bb).<\/p>\t\t\t\t\t\t\t\t<\/div>\n\t\t\t\t<\/div>\n\t\t\t\t<div class=\"elementor-element elementor-element-3414ff95 elementor-widget elementor-widget-text-editor\" data-id=\"3414ff95\" data-element_type=\"widget\" data-e-type=\"widget\" data-widget_type=\"text-editor.default\">\n\t\t\t\t<div class=\"elementor-widget-container\">\n\t\t\t\t\t\t\t\t\t<p>En utilisant ce site web, vous acceptez cette politique de confidentialit\u00e9 et le fait qu&rsquo;elle puisse \u00eatre modifi\u00e9e \u00e0 tout moment.<\/p>\t\t\t\t\t\t\t\t<\/div>\n\t\t\t\t<\/div>\n\t\t\t\t<div class=\"elementor-element elementor-element-43d15dc7 elementor-widget elementor-widget-heading\" data-id=\"43d15dc7\" data-element_type=\"widget\" data-e-type=\"widget\" data-widget_type=\"heading.default\">\n\t\t\t\t<div class=\"elementor-widget-container\">\n\t\t\t\t\t<h2 class=\"elementor-heading-title elementor-size-default\">Responsable du traitement des donn\u00e9es collect\u00e9es sur ce site web<\/h2>\t\t\t\t<\/div>\n\t\t\t\t<\/div>\n\t\t\t\t<div class=\"elementor-element elementor-element-59de6e1a elementor-widget elementor-widget-text-editor\" data-id=\"59de6e1a\" data-element_type=\"widget\" data-e-type=\"widget\" data-widget_type=\"text-editor.default\">\n\t\t\t\t<div class=\"elementor-widget-container\">\n\t\t\t\t\t\t\t\t\t<p>Gabriel Jos\u00e9 Diogo Reis avec NIF 245098992 (avec adresse \u00e0 Rua do Alcaide n\u00ba 21, Marmeleira 3450-095 Mort\u00e1gua-Viseu-Portugal) est le contr\u00f4leur des donn\u00e9es.<\/p><p>Contact : <br> T\u00e9l\u00e9phone : 912316757<br> Courriel : gabriel@gabrielreis.pt<\/p>\t\t\t\t\t\t\t\t<\/div>\n\t\t\t\t<\/div>\n\t\t\t\t<div class=\"elementor-element elementor-element-35503a00 elementor-widget elementor-widget-heading\" data-id=\"35503a00\" data-element_type=\"widget\" data-e-type=\"widget\" data-widget_type=\"heading.default\">\n\t\t\t\t<div class=\"elementor-widget-container\">\n\t\t\t\t\t<h2 class=\"elementor-heading-title elementor-size-default\">Quelles sont les donn\u00e9es collect\u00e9es ?<\/h2>\t\t\t\t<\/div>\n\t\t\t\t<\/div>\n\t\t\t\t<div class=\"elementor-element elementor-element-22e00185 elementor-widget elementor-widget-text-editor\" data-id=\"22e00185\" data-element_type=\"widget\" data-e-type=\"widget\" data-widget_type=\"text-editor.default\">\n\t\t\t\t<div class=\"elementor-widget-container\">\n\t\t\t\t\t\t\t\t\t<p>Des informations sont collect\u00e9es lorsque vous remplissez le formulaire de contact ou lorsque vous m&rsquo;appelez.<\/p><p>Donn\u00e9es susceptibles d&rsquo;\u00eatre collect\u00e9es : nom, adresse \u00e9lectronique, num\u00e9ro de t\u00e9l\u00e9phone ou de t\u00e9l\u00e9phone portable, adresse IP.<\/p>\t\t\t\t\t\t\t\t<\/div>\n\t\t\t\t<\/div>\n\t\t\t\t<div class=\"elementor-element elementor-element-621a3523 elementor-widget elementor-widget-heading\" data-id=\"621a3523\" data-element_type=\"widget\" data-e-type=\"widget\" data-widget_type=\"heading.default\">\n\t\t\t\t<div class=\"elementor-widget-container\">\n\t\t\t\t\t<h2 class=\"elementor-heading-title elementor-size-default\">Comment vos donn\u00e9es peuvent-elles \u00eatre collect\u00e9es ?<\/h2>\t\t\t\t<\/div>\n\t\t\t\t<\/div>\n\t\t\t\t<div class=\"elementor-element elementor-element-1f3c2812 elementor-widget elementor-widget-text-editor\" data-id=\"1f3c2812\" data-element_type=\"widget\" data-e-type=\"widget\" data-widget_type=\"text-editor.default\">\n\t\t\t\t<div class=\"elementor-widget-container\">\n\t\t\t\t\t\t\t\t\t<p>Donn\u00e9es personnelles Le nom, l&rsquo;adresse \u00e9lectronique et le num\u00e9ro de t\u00e9l\u00e9phone\/mobile peuvent \u00eatre collect\u00e9s lorsque vous remplissez le formulaire de contact ou lorsque vous m&rsquo;appelez.<br>Votre adresse IP peut \u00eatre collect\u00e9e lorsque vous naviguez sur le site web et que vous donnez votre accord.<br>Pour en savoir plus sur les cookies et l&rsquo;utilisation possible de votre adresse IP, consultez la page <a href=\"https:\/\/gabrielreis.pt\/?page_id=6346\">Politique en mati\u00e8re de cookies (UE)<\/a>. <\/p>\t\t\t\t\t\t\t\t<\/div>\n\t\t\t\t<\/div>\n\t\t\t\t<div class=\"elementor-element elementor-element-73538388 elementor-widget elementor-widget-heading\" data-id=\"73538388\" data-element_type=\"widget\" data-e-type=\"widget\" data-widget_type=\"heading.default\">\n\t\t\t\t<div class=\"elementor-widget-container\">\n\t\t\t\t\t<h2 class=\"elementor-heading-title elementor-size-default\">  Utilisation de vos informations<\/h2>\t\t\t\t<\/div>\n\t\t\t\t<\/div>\n\t\t\t\t<div class=\"elementor-element elementor-element-600db505 elementor-widget elementor-widget-text-editor\" data-id=\"600db505\" data-element_type=\"widget\" data-e-type=\"widget\" data-widget_type=\"text-editor.default\">\n\t\t\t\t<div class=\"elementor-widget-container\">\n\t\t\t\t\t\t\t\t\t<p>Le nom, l&rsquo;adresse \u00e9lectronique et le num\u00e9ro de t\u00e9l\u00e9phone ou de portable ne sont utilis\u00e9s qu&rsquo;\u00e0 des fins d&rsquo;information :<\/p><p>&#8211; R\u00e9pondre \u00e0 vos questions ou \u00e0 vos doutes.<\/p><p>&#8211; ou de travailler avec vous.<\/p><p>&#8211; ou les deux.<\/p><p>Pour en savoir plus sur les cookies et l&rsquo;utilisation possible de votre adresse IP, consultez la page <a href=\"https:\/\/gabrielreis.pt\/?page_id=6346\">Politique en mati\u00e8re de cookies (UE<\/a>). <\/p>\t\t\t\t\t\t\t\t<\/div>\n\t\t\t\t<\/div>\n\t\t\t\t<div class=\"elementor-element elementor-element-656eaa5 elementor-widget elementor-widget-heading\" data-id=\"656eaa5\" data-element_type=\"widget\" data-e-type=\"widget\" data-widget_type=\"heading.default\">\n\t\t\t\t<div class=\"elementor-widget-container\">\n\t\t\t\t\t<h2 class=\"elementor-heading-title elementor-size-default\">Confidentialit\u00e9 de vos donn\u00e9es<\/h2>\t\t\t\t<\/div>\n\t\t\t\t<\/div>\n\t\t\t\t<div class=\"elementor-element elementor-element-6c294737 elementor-widget elementor-widget-text-editor\" data-id=\"6c294737\" data-element_type=\"widget\" data-e-type=\"widget\" data-widget_type=\"text-editor.default\">\n\t\t\t\t<div class=\"elementor-widget-container\">\n\t\t\t\t\t\t\t\t\t<p>Je, Gabriel Reis, suis la seule personne ayant acc\u00e8s \u00e0 vos donn\u00e9es personnelles Nom, adresse \u00e9lectronique et num\u00e9ro de t\u00e9l\u00e9phone\/mobile<br>Ces informations personnelles ne seront pas vendues, \u00e9chang\u00e9es, transf\u00e9r\u00e9es ou donn\u00e9es \u00e0 une autre soci\u00e9t\u00e9 pour quelque raison que ce soit sans votre consentement.<\/p>\t\t\t\t\t\t\t\t<\/div>\n\t\t\t\t<\/div>\n\t\t\t\t<div class=\"elementor-element elementor-element-5047d697 elementor-widget elementor-widget-heading\" data-id=\"5047d697\" data-element_type=\"widget\" data-e-type=\"widget\" data-widget_type=\"heading.default\">\n\t\t\t\t<div class=\"elementor-widget-container\">\n\t\t\t\t\t<h2 class=\"elementor-heading-title elementor-size-default\">Vos droits en mati\u00e8re de donn\u00e9es \u00e0 caract\u00e8re personnel<\/h2>\t\t\t\t<\/div>\n\t\t\t\t<\/div>\n\t\t\t\t<div class=\"elementor-element elementor-element-5a2bf02 elementor-widget elementor-widget-text-editor\" data-id=\"5a2bf02\" data-element_type=\"widget\" data-e-type=\"widget\" data-widget_type=\"text-editor.default\">\n\t\t\t\t<div class=\"elementor-widget-container\">\n\t\t\t\t\t\t\t\t\t<p>Vous disposez des droits suivants en ce qui concerne vos donn\u00e9es personnelles :<\/p><ul><li>Vous avez le droit de savoir pourquoi vos donn\u00e9es personnelles sont n\u00e9cessaires, ce qu&rsquo;il en adviendra et combien de temps elles seront conserv\u00e9es.<\/li><li>Droit d&rsquo;acc\u00e8s : Vous avez le droit d&rsquo;acc\u00e9der \u00e0 vos donn\u00e9es personnelles dont nous avons connaissance.<\/li><li>Droit de rectification : vous avez le droit de compl\u00e9ter, de corriger ou de supprimer vos donn\u00e9es personnelles quand vous le souhaitez.<\/li><li>Si vous nous avez donn\u00e9 votre consentement pour le traitement de vos donn\u00e9es, vous avez le droit de r\u00e9voquer ce consentement et de faire effacer vos donn\u00e9es personnelles.<\/li><li>Droit de transf\u00e9rer vos donn\u00e9es : vous avez le droit de demander au responsable du traitement l&rsquo;ensemble de vos donn\u00e9es \u00e0 caract\u00e8re personnel et de les transf\u00e9rer dans leur int\u00e9gralit\u00e9 \u00e0 un autre responsable du traitement.<\/li><li>Droit \u00e0 l&rsquo;effacement : vous pouvez vous opposer au traitement de vos donn\u00e9es. Je le ferai \u00e0 moins qu&rsquo;il n&rsquo;y ait un obstacle juridique.<\/li><\/ul><p>Pour exercer ces droits, veuillez me contacter. Voir les coordonn\u00e9es au bas de cette page. Si vous avez une plainte \u00e0 formuler sur la mani\u00e8re dont j&rsquo;utilise vos donn\u00e9es, j&rsquo;aimerais l&rsquo;entendre.<\/p>\t\t\t\t\t\t\t\t<\/div>\n\t\t\t\t<\/div>\n\t\t\t\t<div class=\"elementor-element elementor-element-6cb0878 elementor-widget elementor-widget-heading\" data-id=\"6cb0878\" data-element_type=\"widget\" data-e-type=\"widget\" data-widget_type=\"heading.default\">\n\t\t\t\t<div class=\"elementor-widget-container\">\n\t\t\t\t\t<h2 class=\"elementor-heading-title elementor-size-default\">Combien de temps les donn\u00e9es collect\u00e9es sont-elles conserv\u00e9es ?<\/h2>\t\t\t\t<\/div>\n\t\t\t\t<\/div>\n\t\t\t\t<div class=\"elementor-element elementor-element-25dce4d5 elementor-widget elementor-widget-text-editor\" data-id=\"25dce4d5\" data-element_type=\"widget\" data-e-type=\"widget\" data-widget_type=\"text-editor.default\">\n\t\t\t\t<div class=\"elementor-widget-container\">\n\t\t\t\t\t\t\t\t\t<p>Dans le cas de questions ou de doutes uniquement, je conserve les donn\u00e9es personnelles pendant un maximum de 90 jours, apr\u00e8s quoi elles seront supprim\u00e9es.<\/p><p>Si vous me contactez et commencez \u00e0 travailler avec moi, je conserverai vos donn\u00e9es personnelles pendant la dur\u00e9e du travail et pendant une p\u00e9riode d&rsquo;un an \u00e0 compter de la fin du dernier travail effectu\u00e9.  <br>Toutefois, vous avez toujours le droit de me demander de supprimer ces donn\u00e9es \u00e0 caract\u00e8re personnel \u00e0 tout moment, ce qui sera fait \u00e0 moins qu&rsquo;il n&rsquo;y ait un emp\u00eachement juridique \u00e0 le faire.<\/p>\t\t\t\t\t\t\t\t<\/div>\n\t\t\t\t<\/div>\n\t\t\t\t<div class=\"elementor-element elementor-element-102042bb elementor-widget elementor-widget-heading\" data-id=\"102042bb\" data-element_type=\"widget\" data-e-type=\"widget\" data-widget_type=\"heading.default\">\n\t\t\t\t<div class=\"elementor-widget-container\">\n\t\t\t\t\t<h2 class=\"elementor-heading-title elementor-size-default\">Suppression des donn\u00e9es \u00e0 caract\u00e8re personnel<\/h2>\t\t\t\t<\/div>\n\t\t\t\t<\/div>\n\t\t\t\t<div class=\"elementor-element elementor-element-3ff238c8 elementor-widget elementor-widget-text-editor\" data-id=\"3ff238c8\" data-element_type=\"widget\" data-e-type=\"widget\" data-widget_type=\"text-editor.default\">\n\t\t\t\t<div class=\"elementor-widget-container\">\n\t\t\t\t\t\t\t\t\t<p>Vous avez toujours le droit de me demander de supprimer vos donn\u00e9es personnelles \u00e0 tout moment, ce qui sera fait \u00e0 moins qu&rsquo;il n&rsquo;y ait un emp\u00eachement l\u00e9gal \u00e0 le faire.<\/p>\t\t\t\t\t\t\t\t<\/div>\n\t\t\t\t<\/div>\n\t\t\t\t<div class=\"elementor-element elementor-element-54ae31ea elementor-widget elementor-widget-heading\" data-id=\"54ae31ea\" data-element_type=\"widget\" data-e-type=\"widget\" data-widget_type=\"heading.default\">\n\t\t\t\t<div class=\"elementor-widget-container\">\n\t\t\t\t\t<h2 class=\"elementor-heading-title elementor-size-default\">Divulgation \u00e0 des tiers<\/h2>\t\t\t\t<\/div>\n\t\t\t\t<\/div>\n\t\t\t\t<div class=\"elementor-element elementor-element-41f91adf elementor-widget elementor-widget-text-editor\" data-id=\"41f91adf\" data-element_type=\"widget\" data-e-type=\"widget\" data-widget_type=\"text-editor.default\">\n\t\t\t\t<div class=\"elementor-widget-container\">\n\t\t\t\t\t\t\t\t\t<p>Vos donn\u00e9es personnelles &#8211; nom, adresse \u00e9lectronique, num\u00e9ro de t\u00e9l\u00e9phone portable &#8211; ne seront pas communiqu\u00e9es \u00e0 des tiers.<\/p>\t\t\t\t\t\t\t\t<\/div>\n\t\t\t\t<\/div>\n\t\t\t\t<div class=\"elementor-element elementor-element-146bd657 elementor-widget elementor-widget-heading\" data-id=\"146bd657\" data-element_type=\"widget\" data-e-type=\"widget\" data-widget_type=\"heading.default\">\n\t\t\t\t<div class=\"elementor-widget-container\">\n\t\t\t\t\t<h2 class=\"elementor-heading-title elementor-size-default\">S\u00e9curit\u00e9<\/h2>\t\t\t\t<\/div>\n\t\t\t\t<\/div>\n\t\t\t\t<div class=\"elementor-element elementor-element-34dedd3 elementor-widget elementor-widget-text-editor\" data-id=\"34dedd3\" data-element_type=\"widget\" data-e-type=\"widget\" data-widget_type=\"text-editor.default\">\n\t\t\t\t<div class=\"elementor-widget-container\">\n\t\t\t\t\t\t\t\t\t<p>Je mets en \u0153uvre des mesures de s\u00e9curit\u00e9 physiques et technologiques pour assurer la s\u00e9curit\u00e9 de vos informations personnelles.<br>  J&rsquo;utilise \u00e9galement le cryptage pour prot\u00e9ger les informations sensibles transmises en ligne, ce site Web \u00e9tant dot\u00e9 d&rsquo;un certificat SSL (Secure Socket Layer).<\/p>\t\t\t\t\t\t\t\t<\/div>\n\t\t\t\t<\/div>\n\t\t\t\t<div class=\"elementor-element elementor-element-77a5e71b elementor-widget elementor-widget-text-editor\" data-id=\"77a5e71b\" data-element_type=\"widget\" data-e-type=\"widget\" data-widget_type=\"text-editor.default\">\n\t\t\t\t<div class=\"elementor-widget-container\">\n\t\t\t\t\t\t\t\t\t<p>Les ordinateurs\/serveurs sur lesquels se trouve ce site web sont conserv\u00e9s dans un environnement s\u00e9curis\u00e9 par le fournisseur d&rsquo;h\u00e9bergement.<\/p>\t\t\t\t\t\t\t\t<\/div>\n\t\t\t\t<\/div>\n\t\t\t\t<div class=\"elementor-element elementor-element-2969aafd elementor-widget elementor-widget-heading\" data-id=\"2969aafd\" data-element_type=\"widget\" data-e-type=\"widget\" data-widget_type=\"heading.default\">\n\t\t\t\t<div class=\"elementor-widget-container\">\n\t\t\t\t\t<h2 class=\"elementor-heading-title elementor-size-default\">Demander une copie de vos donn\u00e9es personnelles ou leur suppression<\/h2>\t\t\t\t<\/div>\n\t\t\t\t<\/div>\n\t\t\t\t<div class=\"elementor-element elementor-element-248731ba elementor-widget elementor-widget-text-editor\" data-id=\"248731ba\" data-element_type=\"widget\" data-e-type=\"widget\" data-widget_type=\"text-editor.default\">\n\t\t\t\t<div class=\"elementor-widget-container\">\n\t\t\t\t\t\t\t\t\t<p>Vous pouvez me contacter par courrier \u00e9lectronique \u00e0 l&rsquo;adresse gabriel@gabrielreis.pt ou par t\u00e9l\u00e9phone \u00e0 l&rsquo;adresse 912316757 pour demander une copie ou la suppression de vos donn\u00e9es personnelles.<\/p>\t\t\t\t\t\t\t\t<\/div>\n\t\t\t\t<\/div>\n\t\t\t\t<div class=\"elementor-element elementor-element-494c82b elementor-widget elementor-widget-heading\" data-id=\"494c82b\" data-element_type=\"widget\" data-e-type=\"widget\" data-widget_type=\"heading.default\">\n\t\t\t\t<div class=\"elementor-widget-container\">\n\t\t\t\t\t<h2 class=\"elementor-heading-title elementor-size-default\">Coordonn\u00e9es de la personne \u00e0 contacter<\/h2>\t\t\t\t<\/div>\n\t\t\t\t<\/div>\n\t\t\t\t<div class=\"elementor-element elementor-element-8f8d960 elementor-widget elementor-widget-text-editor\" data-id=\"8f8d960\" data-element_type=\"widget\" data-e-type=\"widget\" data-widget_type=\"text-editor.default\">\n\t\t\t\t<div class=\"elementor-widget-container\">\n\t\t\t\t\t\t\t\t\t<p>Pour toute question et\/ou commentaire concernant notre politique en mati\u00e8re de cookies et la pr\u00e9sente d\u00e9claration, veuillez nous contacter en utilisant les coordonn\u00e9es suivantes :<\/p><p>Gabriel Jos\u00e9 Diogo Reis<br>Rua do Alcaide, n\u00ba21, Marmeleira &#8211; Mort\u00e1gua &#8211; Viseu<br>Portugal<br>Website <a href=\"https:\/\/gabrielreis.pt\/fr\/\">:<\/a> https:\/\/gabrielreis.pt<br>E-mail : gabriel@gabrielreis.pt<br>Telephone number : 912316757<\/p>\t\t\t\t\t\t\t\t<\/div>\n\t\t\t\t<\/div>\n\t\t\t\t\t<\/div>\n\t\t<\/div>\n\t\t\t\t\t<\/div>\n\t\t<\/section>\n\t\t\t\t<\/div>\n\t\t","protected":false},"excerpt":{"rendered":"<p>Politique de confidentialit\u00e9 Derni\u00e8re mise \u00e0 jour : 01 janvier 2026 &nbsp;&nbsp;&nbsp; La pr\u00e9sente politique de confidentialit\u00e9 s&rsquo;applique \u00e0 toutes les donn\u00e9es \u00e0 caract\u00e8re personnel qui peuvent \u00eatre collect\u00e9es en rapport avec ce site web https:\/\/gabrielreis.pt ou sa variante https:\/\/www.gabrielreis.pt (ci-apr\u00e8s \u00ab\u00a0le site\u00a0\u00bb ou \u00ab\u00a0le site web\u00a0\u00bb). En utilisant ce site web, vous acceptez cette [&hellip;]<\/p>\n","protected":false},"author":1,"featured_media":0,"parent":0,"menu_order":0,"comment_status":"closed","ping_status":"closed","template":"elementor_header_footer","meta":{"_acf_changed":false,"inline_featured_image":false,"footnotes":""},"class_list":["post-7891","page","type-page","status-publish","hentry"],"acf":[],"_links":{"self":[{"href":"https:\/\/gabrielreis.pt\/fr\/wp-json\/wp\/v2\/pages\/7891","targetHints":{"allow":["GET"]}}],"collection":[{"href":"https:\/\/gabrielreis.pt\/fr\/wp-json\/wp\/v2\/pages"}],"about":[{"href":"https:\/\/gabrielreis.pt\/fr\/wp-json\/wp\/v2\/types\/page"}],"author":[{"embeddable":true,"href":"https:\/\/gabrielreis.pt\/fr\/wp-json\/wp\/v2\/users\/1"}],"replies":[{"embeddable":true,"href":"https:\/\/gabrielreis.pt\/fr\/wp-json\/wp\/v2\/comments?post=7891"}],"version-history":[{"count":4,"href":"https:\/\/gabrielreis.pt\/fr\/wp-json\/wp\/v2\/pages\/7891\/revisions"}],"predecessor-version":[{"id":8307,"href":"https:\/\/gabrielreis.pt\/fr\/wp-json\/wp\/v2\/pages\/7891\/revisions\/8307"}],"wp:attachment":[{"href":"https:\/\/gabrielreis.pt\/fr\/wp-json\/wp\/v2\/media?parent=7891"}],"curies":[{"name":"wp","href":"https:\/\/api.w.org\/{rel}","templated":true}]}}