{"id":7794,"date":"2022-05-29T15:46:29","date_gmt":"2022-05-29T15:46:29","guid":{"rendered":"https:\/\/gabrielreis.pt\/services\/"},"modified":"2024-06-22T16:26:16","modified_gmt":"2024-06-22T16:26:16","slug":"services","status":"publish","type":"page","link":"https:\/\/gabrielreis.pt\/fr\/services\/","title":{"rendered":"Services"},"content":{"rendered":"\t\t<div data-elementor-type=\"wp-page\" data-elementor-id=\"7794\" class=\"elementor elementor-7794 elementor-4051\" data-elementor-post-type=\"page\">\n\t\t\t\t\t\t<section class=\"elementor-section elementor-top-section elementor-element elementor-element-40c5fe04 elementor-section-height-min-height elementor-section-boxed elementor-section-height-default elementor-section-items-middle\" data-id=\"40c5fe04\" data-element_type=\"section\" data-e-type=\"section\" data-settings=\"{&quot;background_background&quot;:&quot;gradient&quot;,&quot;shape_divider_bottom&quot;:&quot;waves&quot;}\">\n\t\t\t\t\t\t\t<div class=\"elementor-background-overlay\"><\/div>\n\t\t\t\t\t\t<div class=\"elementor-shape elementor-shape-bottom\" aria-hidden=\"true\" data-negative=\"false\">\n\t\t\t<svg xmlns=\"http:\/\/www.w3.org\/2000\/svg\" viewBox=\"0 0 1000 100\" preserveAspectRatio=\"none\">\n\t<path class=\"elementor-shape-fill\" d=\"M421.9,6.5c22.6-2.5,51.5,0.4,75.5,5.3c23.6,4.9,70.9,23.5,100.5,35.7c75.8,32.2,133.7,44.5,192.6,49.7\n\tc23.6,2.1,48.7,3.5,103.4-2.5c54.7-6,106.2-25.6,106.2-25.6V0H0v30.3c0,0,72,32.6,158.4,30.5c39.2-0.7,92.8-6.7,134-22.4\n\tc21.2-8.1,52.2-18.2,79.7-24.2C399.3,7.9,411.6,7.5,421.9,6.5z\"\/>\n<\/svg>\t\t<\/div>\n\t\t\t\t\t<div class=\"elementor-container elementor-column-gap-default\">\n\t\t\t\t\t<div class=\"elementor-column elementor-col-100 elementor-top-column elementor-element elementor-element-5612bdb3\" data-id=\"5612bdb3\" data-element_type=\"column\" data-e-type=\"column\">\n\t\t\t<div class=\"elementor-widget-wrap elementor-element-populated\">\n\t\t\t\t\t\t<div class=\"elementor-element elementor-element-4281b5bc elementor-widget elementor-widget-heading\" data-id=\"4281b5bc\" data-element_type=\"widget\" data-e-type=\"widget\" data-widget_type=\"heading.default\">\n\t\t\t\t<div class=\"elementor-widget-container\">\n\t\t\t\t\t<h1 class=\"elementor-heading-title elementor-size-default\">Services<\/h1>\t\t\t\t<\/div>\n\t\t\t\t<\/div>\n\t\t\t\t<div class=\"elementor-element elementor-element-4f290a52 elementor-widget elementor-widget-heading\" data-id=\"4f290a52\" data-element_type=\"widget\" data-e-type=\"widget\" data-widget_type=\"heading.default\">\n\t\t\t\t<div class=\"elementor-widget-container\">\n\t\t\t\t\t<h3 class=\"elementor-heading-title elementor-size-default\">Serons-nous compatibles ?<\/h3>\t\t\t\t<\/div>\n\t\t\t\t<\/div>\n\t\t\t\t\t<\/div>\n\t\t<\/div>\n\t\t\t\t\t<\/div>\n\t\t<\/section>\n\t\t\t\t<section class=\"elementor-section elementor-top-section elementor-element elementor-element-42745848 elementor-section-boxed elementor-section-height-default elementor-section-height-default\" data-id=\"42745848\" data-element_type=\"section\" data-e-type=\"section\" data-settings=\"{&quot;background_background&quot;:&quot;classic&quot;}\">\n\t\t\t\t\t\t\t<div class=\"elementor-background-overlay\"><\/div>\n\t\t\t\t\t\t\t<div class=\"elementor-container elementor-column-gap-default\">\n\t\t\t\t\t<div class=\"elementor-column elementor-col-100 elementor-top-column elementor-element elementor-element-d64b9cf\" data-id=\"d64b9cf\" data-element_type=\"column\" data-e-type=\"column\">\n\t\t\t<div class=\"elementor-widget-wrap elementor-element-populated\">\n\t\t\t\t\t\t<section class=\"elementor-section elementor-inner-section elementor-element elementor-element-4dd4c97e elementor-section-boxed elementor-section-height-default elementor-section-height-default\" data-id=\"4dd4c97e\" data-element_type=\"section\" data-e-type=\"section\">\n\t\t\t\t\t\t<div class=\"elementor-container elementor-column-gap-default\">\n\t\t\t\t\t<div class=\"elementor-column elementor-col-100 elementor-inner-column elementor-element elementor-element-3647a2\" data-id=\"3647a2\" data-element_type=\"column\" data-e-type=\"column\">\n\t\t\t<div class=\"elementor-widget-wrap elementor-element-populated\">\n\t\t\t\t\t\t<div class=\"elementor-element elementor-element-dd454a8 elementor-widget elementor-widget-heading\" data-id=\"dd454a8\" data-element_type=\"widget\" data-e-type=\"widget\" data-widget_type=\"heading.default\">\n\t\t\t\t<div class=\"elementor-widget-container\">\n\t\t\t\t\t<h3 class=\"elementor-heading-title elementor-size-default\">Votre site web doit montrer au visiteur pourquoi il est l\u00e0 :<\/h3>\t\t\t\t<\/div>\n\t\t\t\t<\/div>\n\t\t\t\t<div class=\"elementor-element elementor-element-658a5a0a elementor-widget elementor-widget-heading\" data-id=\"658a5a0a\" data-element_type=\"widget\" data-e-type=\"widget\" data-widget_type=\"heading.default\">\n\t\t\t\t<div class=\"elementor-widget-container\">\n\t\t\t\t\t<h2 class=\"elementor-heading-title elementor-size-default\">Choisissez votre camp !<\/h2>\t\t\t\t<\/div>\n\t\t\t\t<\/div>\n\t\t\t\t<div class=\"elementor-element elementor-element-5bebbb37 elementor-widget elementor-widget-text-editor\" data-id=\"5bebbb37\" data-element_type=\"widget\" data-e-type=\"widget\" data-widget_type=\"text-editor.default\">\n\t\t\t\t<div class=\"elementor-widget-container\">\n\t\t\t\t\t\t\t\t\t<p>Je vous aiderai \u00e0 augmenter la CONVERSION des visiteurs de votre site web en clients.<\/p>\n<p>Sur le site web de votre entreprise, tous les facteurs de persuasion doivent \u00eatre pr\u00e9sents.<\/p>\n<p>Et bien&#8230; il y en a BEAUCOUP. Faites-en bon usage, car jusqu&rsquo;\u00e0 pr\u00e9sent vous avez laiss\u00e9 beaucoup d&rsquo;argent sur la table.<\/p>\n<p>Par exemple : votre site web doit prendre en compte les \u00ab\u00a0POINTS DE DOULEUR\u00a0\u00bb des visiteurs et leur montrer ensuite comment leur vie sera am\u00e9lior\u00e9e gr\u00e2ce aux services ou aux produits que vous proposez.<\/p>\n<p>Ex : Toutes les preuves possibles de la qualit\u00e9 et de la R\u00c9PUTATION de votre entreprise\/activit\u00e9 doivent impr\u00e9gner votre site web de la premi\u00e8re \u00e0 la derni\u00e8re page. Le facteur de confiance est \u00e0 l&rsquo;origine de toutes les d\u00e9cisions prises par les acheteurs.<\/p>\n<p><strong>En bref : catapultez votre site web en mode haute performance.<\/strong><\/p>\t\t\t\t\t\t\t\t<\/div>\n\t\t\t\t<\/div>\n\t\t\t\t\t<\/div>\n\t\t<\/div>\n\t\t\t\t\t<\/div>\n\t\t<\/section>\n\t\t\t\t<section class=\"elementor-section elementor-inner-section elementor-element elementor-element-75225861 elementor-section-boxed elementor-section-height-default elementor-section-height-default\" data-id=\"75225861\" data-element_type=\"section\" data-e-type=\"section\" data-settings=\"{&quot;motion_fx_motion_fx_scrolling&quot;:&quot;yes&quot;,&quot;motion_fx_translateY_effect&quot;:&quot;yes&quot;,&quot;motion_fx_translateY_speed&quot;:{&quot;unit&quot;:&quot;px&quot;,&quot;size&quot;:&quot;1&quot;,&quot;sizes&quot;:[]},&quot;motion_fx_translateY_affectedRange&quot;:{&quot;unit&quot;:&quot;%&quot;,&quot;size&quot;:&quot;&quot;,&quot;sizes&quot;:{&quot;start&quot;:&quot;0&quot;,&quot;end&quot;:&quot;50&quot;}},&quot;motion_fx_opacity_effect&quot;:&quot;yes&quot;,&quot;motion_fx_opacity_range&quot;:{&quot;unit&quot;:&quot;%&quot;,&quot;size&quot;:&quot;&quot;,&quot;sizes&quot;:{&quot;start&quot;:&quot;0&quot;,&quot;end&quot;:&quot;50&quot;}},&quot;motion_fx_devices&quot;:[&quot;desktop&quot;,&quot;tablet&quot;],&quot;motion_fx_opacity_direction&quot;:&quot;out-in&quot;,&quot;motion_fx_opacity_level&quot;:{&quot;unit&quot;:&quot;px&quot;,&quot;size&quot;:10,&quot;sizes&quot;:[]}}\">\n\t\t\t\t\t\t<div class=\"elementor-container elementor-column-gap-default\">\n\t\t\t\t\t<div class=\"elementor-column elementor-col-33 elementor-inner-column elementor-element elementor-element-51d38a57\" data-id=\"51d38a57\" data-element_type=\"column\" data-e-type=\"column\" data-settings=\"{&quot;background_background&quot;:&quot;classic&quot;}\">\n\t\t\t<div class=\"elementor-widget-wrap elementor-element-populated\">\n\t\t\t\t\t\t<div class=\"elementor-element elementor-element-17447650 elementor-position-top elementor-widget elementor-widget-image-box\" data-id=\"17447650\" data-element_type=\"widget\" data-e-type=\"widget\" data-widget_type=\"image-box.default\">\n\t\t\t\t<div class=\"elementor-widget-container\">\n\t\t\t\t\t<div class=\"elementor-image-box-wrapper\"><figure class=\"elementor-image-box-img\"><img fetchpriority=\"high\" decoding=\"async\" width=\"500\" height=\"440\" src=\"https:\/\/gabrielreis.pt\/wp-content\/uploads\/2022\/05\/Group-20.png\" class=\"attachment-full size-full wp-image-3794\" alt=\"\" srcset=\"https:\/\/gabrielreis.pt\/wp-content\/uploads\/2022\/05\/Group-20.png 500w, https:\/\/gabrielreis.pt\/wp-content\/uploads\/2022\/05\/Group-20-300x264.png 300w\" sizes=\"(max-width: 500px) 100vw, 500px\" \/><\/figure><div class=\"elementor-image-box-content\"><h3 class=\"elementor-image-box-title\">Conception de sites web<\/h3><p class=\"elementor-image-box-description\">Conception d'un site web de haute qualit\u00e9 con\u00e7u pour r\u00e9pondre \u00e0 vos objectifs.\nAvec l'optimisation mobile, bien s\u00fbr.\nUn bon concepteur de sites web sait comment mettre en valeur les points forts de votre produit ou service.<\/p><\/div><\/div>\t\t\t\t<\/div>\n\t\t\t\t<\/div>\n\t\t\t\t\t<\/div>\n\t\t<\/div>\n\t\t\t\t<div class=\"elementor-column elementor-col-33 elementor-inner-column elementor-element elementor-element-40104a8a\" data-id=\"40104a8a\" data-element_type=\"column\" data-e-type=\"column\" data-settings=\"{&quot;background_background&quot;:&quot;classic&quot;}\">\n\t\t\t<div class=\"elementor-widget-wrap elementor-element-populated\">\n\t\t\t\t\t\t<div class=\"elementor-element elementor-element-7be2b075 elementor-position-top elementor-widget elementor-widget-image-box\" data-id=\"7be2b075\" data-element_type=\"widget\" data-e-type=\"widget\" data-widget_type=\"image-box.default\">\n\t\t\t\t<div class=\"elementor-widget-container\">\n\t\t\t\t\t<div class=\"elementor-image-box-wrapper\"><figure class=\"elementor-image-box-img\"><img decoding=\"async\" width=\"500\" height=\"440\" src=\"https:\/\/gabrielreis.pt\/wp-content\/uploads\/2022\/05\/Group-13-Copy.png\" class=\"attachment-full size-full wp-image-3791\" alt=\"\" srcset=\"https:\/\/gabrielreis.pt\/wp-content\/uploads\/2022\/05\/Group-13-Copy.png 500w, https:\/\/gabrielreis.pt\/wp-content\/uploads\/2022\/05\/Group-13-Copy-300x264.png 300w\" sizes=\"(max-width: 500px) 100vw, 500px\" \/><\/figure><div class=\"elementor-image-box-content\"><h3 class=\"elementor-image-box-title\">Strat\u00e9gie<\/h3><p class=\"elementor-image-box-description\">Vous pouvez compter sur moi pour pr\u00e9parer votre site web avec tous les facteurs qui le rendent plus persuasif.\nUn bon copywriting, des appels \u00e0 l'action, l'orientation du visiteur dans la direction souhait\u00e9e... Tout compte !  <\/p><\/div><\/div>\t\t\t\t<\/div>\n\t\t\t\t<\/div>\n\t\t\t\t\t<\/div>\n\t\t<\/div>\n\t\t\t\t<div class=\"elementor-column elementor-col-33 elementor-inner-column elementor-element elementor-element-7270575\" data-id=\"7270575\" data-element_type=\"column\" data-e-type=\"column\" data-settings=\"{&quot;background_background&quot;:&quot;classic&quot;}\">\n\t\t\t<div class=\"elementor-widget-wrap elementor-element-populated\">\n\t\t\t\t\t\t<div class=\"elementor-element elementor-element-40f94e3f elementor-position-top elementor-widget elementor-widget-image-box\" data-id=\"40f94e3f\" data-element_type=\"widget\" data-e-type=\"widget\" data-widget_type=\"image-box.default\">\n\t\t\t\t<div class=\"elementor-widget-container\">\n\t\t\t\t\t<div class=\"elementor-image-box-wrapper\"><figure class=\"elementor-image-box-img\"><img decoding=\"async\" width=\"500\" height=\"434\" src=\"https:\/\/gabrielreis.pt\/wp-content\/uploads\/2022\/05\/content-icon-new.png\" class=\"attachment-full size-full wp-image-3795\" alt=\"\" srcset=\"https:\/\/gabrielreis.pt\/wp-content\/uploads\/2022\/05\/content-icon-new.png 500w, https:\/\/gabrielreis.pt\/wp-content\/uploads\/2022\/05\/content-icon-new-300x260.png 300w\" sizes=\"(max-width: 500px) 100vw, 500px\" \/><\/figure><div class=\"elementor-image-box-content\"><h3 class=\"elementor-image-box-title\">Maintenance<\/h3><p class=\"elementor-image-box-description\">Il n'y a pas grand-chose \u00e0 dire ici. Une fois qu'un site web est construit, il doit \u00eatre entretenu et mis \u00e0 jour au fil des ans, sinon... KABUM !!! Le site web initial, beau et fonctionnel, est devenu d\u00e9mod\u00e9 et d\u00e9fectueux au fil des ans.  <\/p><\/div><\/div>\t\t\t\t<\/div>\n\t\t\t\t<\/div>\n\t\t\t\t\t<\/div>\n\t\t<\/div>\n\t\t\t\t\t<\/div>\n\t\t<\/section>\n\t\t\t\t<section class=\"elementor-section elementor-inner-section elementor-element elementor-element-923f6be elementor-section-boxed elementor-section-height-default elementor-section-height-default\" data-id=\"923f6be\" data-element_type=\"section\" data-e-type=\"section\" data-settings=\"{&quot;motion_fx_motion_fx_scrolling&quot;:&quot;yes&quot;,&quot;motion_fx_translateY_effect&quot;:&quot;yes&quot;,&quot;motion_fx_translateY_speed&quot;:{&quot;unit&quot;:&quot;px&quot;,&quot;size&quot;:&quot;1&quot;,&quot;sizes&quot;:[]},&quot;motion_fx_translateY_affectedRange&quot;:{&quot;unit&quot;:&quot;%&quot;,&quot;size&quot;:&quot;&quot;,&quot;sizes&quot;:{&quot;start&quot;:&quot;0&quot;,&quot;end&quot;:&quot;50&quot;}},&quot;motion_fx_opacity_effect&quot;:&quot;yes&quot;,&quot;motion_fx_opacity_range&quot;:{&quot;unit&quot;:&quot;%&quot;,&quot;size&quot;:&quot;&quot;,&quot;sizes&quot;:{&quot;start&quot;:&quot;0&quot;,&quot;end&quot;:&quot;50&quot;}},&quot;motion_fx_devices&quot;:[&quot;desktop&quot;,&quot;tablet&quot;],&quot;motion_fx_opacity_direction&quot;:&quot;out-in&quot;,&quot;motion_fx_opacity_level&quot;:{&quot;unit&quot;:&quot;px&quot;,&quot;size&quot;:10,&quot;sizes&quot;:[]}}\">\n\t\t\t\t\t\t<div class=\"elementor-container elementor-column-gap-default\">\n\t\t\t\t\t<div class=\"elementor-column elementor-col-33 elementor-inner-column elementor-element elementor-element-4384ddb\" data-id=\"4384ddb\" data-element_type=\"column\" data-e-type=\"column\" id=\"emailmarketing\" data-settings=\"{&quot;background_background&quot;:&quot;classic&quot;}\">\n\t\t\t<div class=\"elementor-widget-wrap elementor-element-populated\">\n\t\t\t\t\t\t<div class=\"elementor-element elementor-element-42d2a47 elementor-position-top elementor-widget elementor-widget-image-box\" data-id=\"42d2a47\" data-element_type=\"widget\" data-e-type=\"widget\" data-widget_type=\"image-box.default\">\n\t\t\t\t<div class=\"elementor-widget-container\">\n\t\t\t\t\t<div class=\"elementor-image-box-wrapper\"><figure class=\"elementor-image-box-img\"><img decoding=\"async\" width=\"500\" height=\"434\" src=\"https:\/\/gabrielreis.pt\/wp-content\/uploads\/2022\/05\/content-icon-new.png\" class=\"attachment-full size-full wp-image-3795\" alt=\"\" srcset=\"https:\/\/gabrielreis.pt\/wp-content\/uploads\/2022\/05\/content-icon-new.png 500w, https:\/\/gabrielreis.pt\/wp-content\/uploads\/2022\/05\/content-icon-new-300x260.png 300w\" sizes=\"(max-width: 500px) 100vw, 500px\" \/><\/figure><div class=\"elementor-image-box-content\"><h3 class=\"elementor-image-box-title\">Marketing par courrier \u00e9lectronique<\/h3><p class=\"elementor-image-box-description\">Pourquoi le marketing par courrier \u00e9lectronique ? Parce que vous vous adresserez \u00e0 un public hautement qualifi\u00e9.\nLa liste de diffusion vous appartient et personne ne peut vous la retirer, contrairement aux r\u00e9seaux sociaux.<\/p><\/div><\/div>\t\t\t\t<\/div>\n\t\t\t\t<\/div>\n\t\t\t\t\t<\/div>\n\t\t<\/div>\n\t\t\t\t<div class=\"elementor-column elementor-col-33 elementor-inner-column elementor-element elementor-element-7993f5a\" data-id=\"7993f5a\" data-element_type=\"column\" data-e-type=\"column\" data-settings=\"{&quot;background_background&quot;:&quot;classic&quot;}\">\n\t\t\t<div class=\"elementor-widget-wrap\">\n\t\t\t\t\t\t\t<\/div>\n\t\t<\/div>\n\t\t\t\t<div class=\"elementor-column elementor-col-33 elementor-inner-column elementor-element elementor-element-c710e58\" data-id=\"c710e58\" data-element_type=\"column\" data-e-type=\"column\" data-settings=\"{&quot;background_background&quot;:&quot;classic&quot;}\">\n\t\t\t<div class=\"elementor-widget-wrap\">\n\t\t\t\t\t\t\t<\/div>\n\t\t<\/div>\n\t\t\t\t\t<\/div>\n\t\t<\/section>\n\t\t\t\t\t<\/div>\n\t\t<\/div>\n\t\t\t\t\t<\/div>\n\t\t<\/section>\n\t\t\t\t<\/div>\n\t\t","protected":false},"excerpt":{"rendered":"<p>Services Serons-nous compatibles ? Votre site web doit montrer au visiteur pourquoi il est l\u00e0 : Choisissez votre camp ! Je vous aiderai \u00e0 augmenter la CONVERSION des visiteurs de votre site web en clients. Sur le site web de votre entreprise, tous les facteurs de persuasion doivent \u00eatre pr\u00e9sents. Et bien&#8230; il y en [&hellip;]<\/p>\n","protected":false},"author":1,"featured_media":0,"parent":0,"menu_order":0,"comment_status":"closed","ping_status":"closed","template":"elementor_header_footer","meta":{"_acf_changed":false,"inline_featured_image":false,"footnotes":""},"class_list":["post-7794","page","type-page","status-publish","hentry"],"acf":[],"_links":{"self":[{"href":"https:\/\/gabrielreis.pt\/fr\/wp-json\/wp\/v2\/pages\/7794","targetHints":{"allow":["GET"]}}],"collection":[{"href":"https:\/\/gabrielreis.pt\/fr\/wp-json\/wp\/v2\/pages"}],"about":[{"href":"https:\/\/gabrielreis.pt\/fr\/wp-json\/wp\/v2\/types\/page"}],"author":[{"embeddable":true,"href":"https:\/\/gabrielreis.pt\/fr\/wp-json\/wp\/v2\/users\/1"}],"replies":[{"embeddable":true,"href":"https:\/\/gabrielreis.pt\/fr\/wp-json\/wp\/v2\/comments?post=7794"}],"version-history":[{"count":1,"href":"https:\/\/gabrielreis.pt\/fr\/wp-json\/wp\/v2\/pages\/7794\/revisions"}],"predecessor-version":[{"id":7795,"href":"https:\/\/gabrielreis.pt\/fr\/wp-json\/wp\/v2\/pages\/7794\/revisions\/7795"}],"wp:attachment":[{"href":"https:\/\/gabrielreis.pt\/fr\/wp-json\/wp\/v2\/media?parent=7794"}],"curies":[{"name":"wp","href":"https:\/\/api.w.org\/{rel}","templated":true}]}}